{"id":646,"date":"2025-02-04T13:28:43","date_gmt":"2025-02-04T13:28:43","guid":{"rendered":"http:\/\/localhost:8888\/Jufka\/?post_type=product&#038;p=646"},"modified":"2025-03-20T13:42:37","modified_gmt":"2025-03-20T13:42:37","slug":"peceno-testo-za-mini-tulumbe","status":"publish","type":"product","link":"https:\/\/jufka.rs\/index.php\/product\/peceno-testo-za-mini-tulumbe\/","title":{"rendered":"Pe\u010deno testo za mini tulumbe"},"content":{"rendered":"<p>Ukusni orijentalni specijalitet i doma\u0107a kafa-odli\u010dan recept za popodnevno dru\u017eenje. Mala poslastica, a ukus sna\u017ean i pun.<\/p>\n","protected":false},"excerpt":{"rendered":"<p>Bra\u0161no, ulje, jaja, pra\u0161ak za pecivo.<\/p>\n","protected":false},"featured_media":1174,"comment_status":"open","ping_status":"closed","template":"","meta":[],"product_brand":[],"product_cat":[33],"product_tag":[],"class_list":{"0":"post-646","1":"product","2":"type-product","3":"status-publish","4":"has-post-thumbnail","6":"product_cat-smrznute-ili-susene-tulumbe-i-krofne","8":"first","9":"instock","10":"shipping-taxable","11":"product-type-simple"},"_links":{"self":[{"href":"https:\/\/jufka.rs\/index.php\/wp-json\/wp\/v2\/product\/646","targetHints":{"allow":["GET"]}}],"collection":[{"href":"https:\/\/jufka.rs\/index.php\/wp-json\/wp\/v2\/product"}],"about":[{"href":"https:\/\/jufka.rs\/index.php\/wp-json\/wp\/v2\/types\/product"}],"replies":[{"embeddable":true,"href":"https:\/\/jufka.rs\/index.php\/wp-json\/wp\/v2\/comments?post=646"}],"wp:featuredmedia":[{"embeddable":true,"href":"https:\/\/jufka.rs\/index.php\/wp-json\/wp\/v2\/media\/1174"}],"wp:attachment":[{"href":"https:\/\/jufka.rs\/index.php\/wp-json\/wp\/v2\/media?parent=646"}],"wp:term":[{"taxonomy":"product_brand","embeddable":true,"href":"https:\/\/jufka.rs\/index.php\/wp-json\/wp\/v2\/product_brand?post=646"},{"taxonomy":"product_cat","embeddable":true,"href":"https:\/\/jufka.rs\/index.php\/wp-json\/wp\/v2\/product_cat?post=646"},{"taxonomy":"product_tag","embeddable":true,"href":"https:\/\/jufka.rs\/index.php\/wp-json\/wp\/v2\/product_tag?post=646"}],"curies":[{"name":"wp","href":"https:\/\/api.w.org\/{rel}","templated":true}]}}