{"id":648,"date":"2025-02-04T13:31:09","date_gmt":"2025-02-04T13:31:09","guid":{"rendered":"http:\/\/localhost:8888\/Jufka\/?post_type=product&#038;p=648"},"modified":"2025-03-20T13:41:53","modified_gmt":"2025-03-20T13:41:53","slug":"peceno-testo-za-tulumbe","status":"publish","type":"product","link":"https:\/\/jufka.rs\/index.php\/product\/peceno-testo-za-tulumbe\/","title":{"rendered":"Pe\u010deno testo za tulumbe"},"content":{"rendered":"<p>U\u017eivajte u turskom specijalitetu koji se s razlogom odoma\u0107io u na\u0161oj kuhinji. Spolja hrskave, a iznutra mekane i so\u010dne, osvoji\u0107e na prvi zalogaj sve koji ih probaju.<\/p>\n","protected":false},"excerpt":{"rendered":"<p>Bra\u0161no, ulje, jaja, pra\u0161ak za pecivo.<\/p>\n","protected":false},"featured_media":1173,"comment_status":"open","ping_status":"closed","template":"","meta":[],"product_brand":[],"product_cat":[33],"product_tag":[],"class_list":{"0":"post-648","1":"product","2":"type-product","3":"status-publish","4":"has-post-thumbnail","6":"product_cat-smrznute-ili-susene-tulumbe-i-krofne","8":"first","9":"instock","10":"shipping-taxable","11":"product-type-simple"},"_links":{"self":[{"href":"https:\/\/jufka.rs\/index.php\/wp-json\/wp\/v2\/product\/648","targetHints":{"allow":["GET"]}}],"collection":[{"href":"https:\/\/jufka.rs\/index.php\/wp-json\/wp\/v2\/product"}],"about":[{"href":"https:\/\/jufka.rs\/index.php\/wp-json\/wp\/v2\/types\/product"}],"replies":[{"embeddable":true,"href":"https:\/\/jufka.rs\/index.php\/wp-json\/wp\/v2\/comments?post=648"}],"wp:featuredmedia":[{"embeddable":true,"href":"https:\/\/jufka.rs\/index.php\/wp-json\/wp\/v2\/media\/1173"}],"wp:attachment":[{"href":"https:\/\/jufka.rs\/index.php\/wp-json\/wp\/v2\/media?parent=648"}],"wp:term":[{"taxonomy":"product_brand","embeddable":true,"href":"https:\/\/jufka.rs\/index.php\/wp-json\/wp\/v2\/product_brand?post=648"},{"taxonomy":"product_cat","embeddable":true,"href":"https:\/\/jufka.rs\/index.php\/wp-json\/wp\/v2\/product_cat?post=648"},{"taxonomy":"product_tag","embeddable":true,"href":"https:\/\/jufka.rs\/index.php\/wp-json\/wp\/v2\/product_tag?post=648"}],"curies":[{"name":"wp","href":"https:\/\/api.w.org\/{rel}","templated":true}]}}