{"id":650,"date":"2025-02-04T13:32:52","date_gmt":"2025-02-04T13:32:52","guid":{"rendered":"http:\/\/localhost:8888\/Jufka\/?post_type=product&#038;p=650"},"modified":"2025-02-04T22:53:21","modified_gmt":"2025-02-04T22:53:21","slug":"pastete","status":"publish","type":"product","link":"https:\/\/jufka.rs\/index.php\/product\/pastete\/","title":{"rendered":"Pa\u0161tete"},"content":{"rendered":"<p>Zapo\u010dnite dan mirisom sve\u017eeg peciva koje mami iz tople rerne. Slasne pa\u0161tete, bogate slojevite strukture su spremne.<\/p>\n","protected":false},"excerpt":{"rendered":"<p>Bra\u0161no T-500, so, margarin.<\/p>\n","protected":false},"featured_media":651,"comment_status":"open","ping_status":"closed","template":"","meta":[],"product_brand":[],"product_cat":[34],"product_tag":[],"class_list":{"0":"post-650","1":"product","2":"type-product","3":"status-publish","4":"has-post-thumbnail","6":"product_cat-smrznuta-rucno-radena-domaca-testa","8":"first","9":"instock","10":"shipping-taxable","11":"product-type-simple"},"_links":{"self":[{"href":"https:\/\/jufka.rs\/index.php\/wp-json\/wp\/v2\/product\/650","targetHints":{"allow":["GET"]}}],"collection":[{"href":"https:\/\/jufka.rs\/index.php\/wp-json\/wp\/v2\/product"}],"about":[{"href":"https:\/\/jufka.rs\/index.php\/wp-json\/wp\/v2\/types\/product"}],"replies":[{"embeddable":true,"href":"https:\/\/jufka.rs\/index.php\/wp-json\/wp\/v2\/comments?post=650"}],"wp:featuredmedia":[{"embeddable":true,"href":"https:\/\/jufka.rs\/index.php\/wp-json\/wp\/v2\/media\/651"}],"wp:attachment":[{"href":"https:\/\/jufka.rs\/index.php\/wp-json\/wp\/v2\/media?parent=650"}],"wp:term":[{"taxonomy":"product_brand","embeddable":true,"href":"https:\/\/jufka.rs\/index.php\/wp-json\/wp\/v2\/product_brand?post=650"},{"taxonomy":"product_cat","embeddable":true,"href":"https:\/\/jufka.rs\/index.php\/wp-json\/wp\/v2\/product_cat?post=650"},{"taxonomy":"product_tag","embeddable":true,"href":"https:\/\/jufka.rs\/index.php\/wp-json\/wp\/v2\/product_tag?post=650"}],"curies":[{"name":"wp","href":"https:\/\/api.w.org\/{rel}","templated":true}]}}