{"id":653,"date":"2025-02-04T13:35:20","date_gmt":"2025-02-04T13:35:20","guid":{"rendered":"http:\/\/localhost:8888\/Jufka\/?post_type=product&#038;p=653"},"modified":"2025-02-04T22:51:24","modified_gmt":"2025-02-04T22:51:24","slug":"zu-zu","status":"publish","type":"product","link":"https:\/\/jufka.rs\/index.php\/product\/zu-zu\/","title":{"rendered":"\u017du-\u017du"},"content":{"rendered":"<p>\u017du-\u017eu\u00a0 je idealni hrskavi zalogaj\u010di\u0107 i omiljeno pecivo svake porodice. Na\u0161 mali specijalitet osvoji\u0107e Vas za tren!<\/p>\n","protected":false},"excerpt":{"rendered":"<p>Bra\u0161no, so, margarin, susam.<\/p>\n","protected":false},"featured_media":654,"comment_status":"open","ping_status":"closed","template":"","meta":[],"product_brand":[],"product_cat":[34],"product_tag":[],"class_list":{"0":"post-653","1":"product","2":"type-product","3":"status-publish","4":"has-post-thumbnail","6":"product_cat-smrznuta-rucno-radena-domaca-testa","8":"first","9":"instock","10":"shipping-taxable","11":"product-type-simple"},"_links":{"self":[{"href":"https:\/\/jufka.rs\/index.php\/wp-json\/wp\/v2\/product\/653","targetHints":{"allow":["GET"]}}],"collection":[{"href":"https:\/\/jufka.rs\/index.php\/wp-json\/wp\/v2\/product"}],"about":[{"href":"https:\/\/jufka.rs\/index.php\/wp-json\/wp\/v2\/types\/product"}],"replies":[{"embeddable":true,"href":"https:\/\/jufka.rs\/index.php\/wp-json\/wp\/v2\/comments?post=653"}],"wp:featuredmedia":[{"embeddable":true,"href":"https:\/\/jufka.rs\/index.php\/wp-json\/wp\/v2\/media\/654"}],"wp:attachment":[{"href":"https:\/\/jufka.rs\/index.php\/wp-json\/wp\/v2\/media?parent=653"}],"wp:term":[{"taxonomy":"product_brand","embeddable":true,"href":"https:\/\/jufka.rs\/index.php\/wp-json\/wp\/v2\/product_brand?post=653"},{"taxonomy":"product_cat","embeddable":true,"href":"https:\/\/jufka.rs\/index.php\/wp-json\/wp\/v2\/product_cat?post=653"},{"taxonomy":"product_tag","embeddable":true,"href":"https:\/\/jufka.rs\/index.php\/wp-json\/wp\/v2\/product_tag?post=653"}],"curies":[{"name":"wp","href":"https:\/\/api.w.org\/{rel}","templated":true}]}}