{"id":663,"date":"2025-02-04T13:40:56","date_gmt":"2025-02-04T13:40:56","guid":{"rendered":"http:\/\/localhost:8888\/Jufka\/?post_type=product&#038;p=663"},"modified":"2025-02-04T22:46:22","modified_gmt":"2025-02-04T22:46:22","slug":"rolna-meso","status":"publish","type":"product","link":"https:\/\/jufka.rs\/index.php\/product\/rolna-meso\/","title":{"rendered":"Rolna meso"},"content":{"rendered":"<p>Rolna napunjena kvalitetnim mesom \u010diji se intenzivni ukus ose\u0107a pri svakom zalogaju obradova\u0107e i najzahtevnije ljubitelje so\u010dnih slanih peciva.<\/p>\n","protected":false},"excerpt":{"rendered":"<p>Bra\u0161no, so, margarin, kvasac, meso.<\/p>\n<p>&nbsp;<\/p>\n","protected":false},"featured_media":664,"comment_status":"open","ping_status":"closed","template":"","meta":[],"product_brand":[],"product_cat":[34],"product_tag":[],"class_list":{"0":"post-663","1":"product","2":"type-product","3":"status-publish","4":"has-post-thumbnail","6":"product_cat-smrznuta-rucno-radena-domaca-testa","8":"first","9":"instock","10":"shipping-taxable","11":"product-type-simple"},"_links":{"self":[{"href":"https:\/\/jufka.rs\/index.php\/wp-json\/wp\/v2\/product\/663","targetHints":{"allow":["GET"]}}],"collection":[{"href":"https:\/\/jufka.rs\/index.php\/wp-json\/wp\/v2\/product"}],"about":[{"href":"https:\/\/jufka.rs\/index.php\/wp-json\/wp\/v2\/types\/product"}],"replies":[{"embeddable":true,"href":"https:\/\/jufka.rs\/index.php\/wp-json\/wp\/v2\/comments?post=663"}],"wp:featuredmedia":[{"embeddable":true,"href":"https:\/\/jufka.rs\/index.php\/wp-json\/wp\/v2\/media\/664"}],"wp:attachment":[{"href":"https:\/\/jufka.rs\/index.php\/wp-json\/wp\/v2\/media?parent=663"}],"wp:term":[{"taxonomy":"product_brand","embeddable":true,"href":"https:\/\/jufka.rs\/index.php\/wp-json\/wp\/v2\/product_brand?post=663"},{"taxonomy":"product_cat","embeddable":true,"href":"https:\/\/jufka.rs\/index.php\/wp-json\/wp\/v2\/product_cat?post=663"},{"taxonomy":"product_tag","embeddable":true,"href":"https:\/\/jufka.rs\/index.php\/wp-json\/wp\/v2\/product_tag?post=663"}],"curies":[{"name":"wp","href":"https:\/\/api.w.org\/{rel}","templated":true}]}}