{"id":669,"date":"2025-02-04T13:53:18","date_gmt":"2025-02-04T13:53:18","guid":{"rendered":"http:\/\/localhost:8888\/Jufka\/?post_type=product&#038;p=669"},"modified":"2025-02-05T07:42:47","modified_gmt":"2025-02-05T07:42:47","slug":"secerac","status":"publish","type":"product","link":"https:\/\/jufka.rs\/index.php\/product\/secerac\/","title":{"rendered":"\u0160e\u0107erac"},"content":{"rendered":"<p>So\u010dna i slatka zrna kukuruza idealan su dodatak najrazli\u010ditijim jelima. Pripremite lako i brzo osve\u017eavaju\u0107u salatu, ukusni prilog ili postanite majstor meksi\u010dke kuhinje!<\/p>\n","protected":false},"excerpt":{"rendered":"<p>Kukuruz \u0161e\u0107erac<\/p>\n","protected":false},"featured_media":670,"comment_status":"open","ping_status":"closed","template":"","meta":[],"product_brand":[],"product_cat":[35],"product_tag":[],"class_list":{"0":"post-669","1":"product","2":"type-product","3":"status-publish","4":"has-post-thumbnail","6":"product_cat-smrznuto-povrce-i-voce","8":"first","9":"instock","10":"shipping-taxable","11":"product-type-simple"},"_links":{"self":[{"href":"https:\/\/jufka.rs\/index.php\/wp-json\/wp\/v2\/product\/669","targetHints":{"allow":["GET"]}}],"collection":[{"href":"https:\/\/jufka.rs\/index.php\/wp-json\/wp\/v2\/product"}],"about":[{"href":"https:\/\/jufka.rs\/index.php\/wp-json\/wp\/v2\/types\/product"}],"replies":[{"embeddable":true,"href":"https:\/\/jufka.rs\/index.php\/wp-json\/wp\/v2\/comments?post=669"}],"wp:featuredmedia":[{"embeddable":true,"href":"https:\/\/jufka.rs\/index.php\/wp-json\/wp\/v2\/media\/670"}],"wp:attachment":[{"href":"https:\/\/jufka.rs\/index.php\/wp-json\/wp\/v2\/media?parent=669"}],"wp:term":[{"taxonomy":"product_brand","embeddable":true,"href":"https:\/\/jufka.rs\/index.php\/wp-json\/wp\/v2\/product_brand?post=669"},{"taxonomy":"product_cat","embeddable":true,"href":"https:\/\/jufka.rs\/index.php\/wp-json\/wp\/v2\/product_cat?post=669"},{"taxonomy":"product_tag","embeddable":true,"href":"https:\/\/jufka.rs\/index.php\/wp-json\/wp\/v2\/product_tag?post=669"}],"curies":[{"name":"wp","href":"https:\/\/api.w.org\/{rel}","templated":true}]}}